{"id":153,"date":"2026-01-19T10:49:52","date_gmt":"2026-01-19T09:49:52","guid":{"rendered":"https:\/\/www.scanguest.app\/vila-triglav-pokljuka\/?page_id=153"},"modified":"2026-01-20T10:54:42","modified_gmt":"2026-01-20T09:54:42","slug":"vroca-kopel","status":"publish","type":"page","link":"https:\/\/www.scanguest.app\/vila-triglav-pokljuka\/vroca-kopel\/","title":{"rendered":"Vro\u010da kopel"},"content":{"rendered":"<p>[et_pb_section fb_built=&#8221;1&#8243; _builder_version=&#8221;4.27.4&#8243; _module_preset=&#8221;default&#8221; global_colors_info=&#8221;{}&#8221;][et_pb_row admin_label=&#8221;Vila Triglav logo&#8221; _builder_version=&#8221;4.27.5&#8243; _module_preset=&#8221;default&#8221; global_module=&#8221;125&#8243; saved_tabs=&#8221;all&#8221; global_colors_info=&#8221;{}&#8221;][et_pb_column type=&#8221;4_4&#8243; _builder_version=&#8221;4.16&#8243; _module_preset=&#8221;default&#8221; global_colors_info=&#8221;{}&#8221;][et_pb_image src=&#8221;https:\/\/www.scanguest.app\/vila-triglav-pokljuka\/wp-content\/uploads\/2026\/01\/Logo-Vila-Triglav.png&#8221; title_text=&#8221;Logo-Vila-Triglav&#8221; url=&#8221;https:\/\/www.scanguest.app\/vila-triglav-pokljuka\/info\/&#8221; align=&#8221;center&#8221; admin_label=&#8221;Vila Triglav logo&#8221; _builder_version=&#8221;4.27.5&#8243; _module_preset=&#8221;default&#8221; global_colors_info=&#8221;{}&#8221;][\/et_pb_image][\/et_pb_column][\/et_pb_row][et_pb_row _builder_version=&#8221;4.27.5&#8243; _module_preset=&#8221;default&#8221; global_colors_info=&#8221;{}&#8221;][et_pb_column type=&#8221;4_4&#8243; _builder_version=&#8221;4.27.5&#8243; _module_preset=&#8221;default&#8221; global_colors_info=&#8221;{}&#8221;][et_pb_image src=&#8221;https:\/\/www.scanguest.app\/vila-triglav-pokljuka\/wp-content\/uploads\/2026\/01\/Letna-terasa-vila-triglav.jpg&#8221; title_text=&#8221;Letna-terasa-vila-triglav&#8221; _builder_version=&#8221;4.27.5&#8243; _module_preset=&#8221;default&#8221; border_radii=&#8221;on|14px|14px|14px|14px&#8221; global_colors_info=&#8221;{}&#8221;][\/et_pb_image][et_pb_text _builder_version=&#8221;4.27.5&#8243; _module_preset=&#8221;default&#8221; global_colors_info=&#8221;{}&#8221;]<\/p>\n<div class=\"sg-rules\">\n<h1 class=\"sg-title\">Vro\u010da kopel<\/h1>\n<div class=\"sg-card\">\n<h3>Vro\u010da kopel \u2013 letna terasa<\/h3>\n<p>Letna terasa z vro\u010do kopeljo je namenjena sprostitvi v mirnem naravnem okolju Poklju\u0161ke planote in predstavlja poseben del do\u017eivetja bivanja v Vili Triglav. Uporaba vro\u010de kopeli je zasnovana kot umirjen, spo\u0161tljiv prostor za oddih, zato <strong>letna terasa z vro\u010do kopeljo ne obratuje v zimskem obdobju<\/strong>.<\/p>\n<\/p><\/div>\n<div class=\"sg-card\">\n<h3>Letna terasa z vro\u010do kopeljo<\/h3>\n<p>Letna terasa z vro\u010do kopeljo je na voljo gostom nastanitvenih enot Tadej, Mateja, Erazem in Klara. Vro\u010da kopel je segreta na temperaturo med <strong>35 in 38 \u00b0C<\/strong>. Pred vsako uporabo je obvezno tu\u0161iranje, lesen pokrov je potrebno pred uporabo odmakniti in ga po zaklju\u010dku ponovno namestiti. Med uporabo vro\u010de kopeli je prepovedan vnos hrane, uporaba pa je na lastno odgovornost.<\/p>\n<\/p><\/div>\n<div class=\"sg-card\">\n<h3>VIP vro\u010da kopel \u2013 Chalet<\/h3>\n<p>VIP vro\u010da kopel je namenjena izklju\u010dno gostom nastanitvene enote Chalet in omogo\u010da ve\u010d zasebnosti ter miru. Vro\u010da kopel je segreta na temperaturo med <strong>35 in 38 \u00b0C<\/strong>. Pred uporabo je obvezno tu\u0161iranje, lesen pokrov je potrebno pred uporabo odstraniti in ga po zaklju\u010dku ponovno namestiti. Med uporabo vro\u010de kopeli je prepovedan vnos hrane, uporaba pa je na lastno odgovornost.<\/p>\n<\/p><\/div>\n<div class=\"sg-card\">\n<h3>VIP vro\u010da kopel \u2013 Alpska hi\u0161ica<\/h3>\n<p>VIP vro\u010da kopel je namenjena izklju\u010dno gostom nastanitvene enote Alpska hi\u0161ica in omogo\u010da zasebno ter umirjeno uporabo. Vro\u010da kopel je segreta na temperaturo med <strong>35 in 38 \u00b0C<\/strong>. Pred uporabo je obvezno tu\u0161iranje, lesen pokrov je potrebno pred uporabo odstraniti in ga po zaklju\u010dku ponovno namestiti. Med uporabo vro\u010de kopeli je prepovedan vnos hrane, uporaba pa je na lastno odgovornost.<\/p>\n<\/p><\/div>\n<div class=\"sg-card\">\n<h3>Pomembna pravila uporabe (hi\u0161ni red)<\/h3>\n<p>Pred vsako uporabo vro\u010de kopeli je obvezno tu\u0161iranje, med uporabo pa je prepovedan vnos hrane in alkohola. Hot tub lahko segreva izklju\u010dno osebje Vile Triglav, gostom ni dovoljeno samostojno upravljanje ali spreminjanje nastavitev. Pri rezervacijah \u201clast minute\u201d si pridr\u017eujemo pravico, da vro\u010da kopel prvi dan ni pripravljena za uporabo.<\/p>\n<\/p><\/div>\n<div class=\"sg-card\">\n<h3>Zimsko obdobje in dopla\u010dila<\/h3>\n<p>Letna terasa z vro\u010do kadjo v zimskem obdobju od <strong>1. oktobra do 1. maja<\/strong> obratuje ob dopla\u010dilu <strong>25 \/ 40 EUR na enoto<\/strong>, pri \u010demer je minimalno kori\u0161\u010denje <strong>2 zaporedna dneva<\/strong> in je potrebna predhodna rezervacija. VIP hot tub v Chalet in Alpski hi\u0161ici obratuje celo leto; v zimskem \u010dasu je pripravljen za uporabo pribli\u017eno <strong>2 uri dnevno po 15. uri<\/strong>, ob \u017eelji po dalj\u0161i uporabi pa osebje kopel dodatno segreje, dopla\u010dilo zna\u0161a <strong>30 EUR na dan<\/strong>.<\/p>\n<\/p><\/div>\n<\/div>\n<p>[\/et_pb_text][\/et_pb_column][\/et_pb_row][\/et_pb_section][et_pb_section fb_built=&#8221;1&#8243; _builder_version=&#8221;4.27.5&#8243; _module_preset=&#8221;default&#8221; background_color=&#8221;#FFFFFF&#8221; custom_padding=&#8221;0px||0px||true|false&#8221; sticky_position=&#8221;bottom&#8221; border_width_top=&#8221;1px&#8221; border_color_top=&#8221;#ededed&#8221; border_color_bottom=&#8221;#ededed&#8221; global_module=&#8221;49&#8243; saved_tabs=&#8221;all&#8221; global_colors_info=&#8221;{}&#8221;][et_pb_row column_structure=&#8221;1_4,1_4,1_4,1_4&#8243; use_custom_gutter=&#8221;on&#8221; gutter_width=&#8221;1&#8243; _builder_version=&#8221;4.27.5&#8243; _module_preset=&#8221;default&#8221; width=&#8221;94%&#8221; custom_padding=&#8221;6px||6px||true|false&#8221; custom_css_main_element=&#8221;display:flex;||align-items:center;||justify-content:center;||flex-wrap:nowrap;&#8221; global_colors_info=&#8221;{}&#8221;][et_pb_column type=&#8221;1_4&#8243; _builder_version=&#8221;4.27.5&#8243; _module_preset=&#8221;default&#8221; global_colors_info=&#8221;{}&#8221;][et_pb_blurb title=&#8221;Domov&#8221; url=&#8221;@ET-DC@eyJkeW5hbWljIjp0cnVlLCJjb250ZW50IjoiaG9tZV91cmwiLCJzZXR0aW5ncyI6e319@&#8221; use_icon=&#8221;on&#8221; font_icon=&#8221;&#xe074;||divi||400&#8243; icon_color=&#8221;#5C5C5C&#8221; image_icon_width=&#8221;24px&#8221; admin_label=&#8221;Domov&#8221; _builder_version=&#8221;4.27.5&#8243; _dynamic_attributes=&#8221;url&#8221; _module_preset=&#8221;8e5de146-fea5-4f68-ad46-b3f7b824da6a&#8221; header_font=&#8221;&#8211;et_global_body_font|600||on|||||&#8221; header_text_align=&#8221;center&#8221; header_text_color=&#8221;#5C5C5C&#8221; header_font_size=&#8221;10px&#8221; body_text_color=&#8221;#000000&#8243; max_width=&#8221;60px&#8221; module_alignment=&#8221;center&#8221; overflow-x=&#8221;visible&#8221; overflow-y=&#8221;visible&#8221; custom_padding=&#8221;5px|5px|5px|5px|true|true&#8221; animation=&#8221;off&#8221; custom_css_blurb_image=&#8221;margin-bottom: 0px;&#8221; custom_css_blurb_title=&#8221;padding-bottom: 0px;&#8221; border_radii=&#8221;on|5px|5px|5px|5px&#8221; border_color_all=&#8221;rgba(92,92,92,0.65)&#8221; border_color_all_image=&#8221;#FFFFFF&#8221; box_shadow_style=&#8221;preset4&#8243; box_shadow_horizontal=&#8221;0px&#8221; box_shadow_vertical=&#8221;0px&#8221; box_shadow_spread=&#8221;1px&#8221; box_shadow_color=&#8221;rgba(255,255,255,0.12)&#8221; icon_font_size=&#8221;24px&#8221; global_colors_info=&#8221;{}&#8221; icon_color__hover_enabled=&#8221;on|desktop&#8221; icon_color__hover=&#8221;#F8A41B&#8221; header_text_color__hover_enabled=&#8221;on|desktop&#8221; header_text_color__hover=&#8221;#F8A41B&#8221;][\/et_pb_blurb][\/et_pb_column][et_pb_column type=&#8221;1_4&#8243; _builder_version=&#8221;4.21.0&#8243; _module_preset=&#8221;default&#8221; global_colors_info=&#8221;{}&#8221;][et_pb_blurb title=&#8221;Info&#8221; url=&#8221;https:\/\/www.scanguest.app\/vila-triglav-pokljuka\/info\/&#8221; use_icon=&#8221;on&#8221; font_icon=&#8221;&#xf05a;||fa||900&#8243; icon_color=&#8221;#5C5C5C&#8221; image_icon_width=&#8221;24px&#8221; admin_label=&#8221;Info&#8221; _builder_version=&#8221;4.27.5&#8243; _module_preset=&#8221;8e5de146-fea5-4f68-ad46-b3f7b824da6a&#8221; header_font=&#8221;&#8211;et_global_body_font|600||on|||||&#8221; header_text_align=&#8221;center&#8221; header_text_color=&#8221;#5C5C5C&#8221; header_font_size=&#8221;10px&#8221; body_text_color=&#8221;#000000&#8243; max_width=&#8221;60px&#8221; module_alignment=&#8221;center&#8221; overflow-x=&#8221;visible&#8221; overflow-y=&#8221;visible&#8221; custom_padding=&#8221;5px|5px|5px|5px|true|true&#8221; animation=&#8221;off&#8221; link_option_url=&#8221;https:\/\/www.scanguest.app\/vila-triglav-pokljuka\/info\/&#8221; custom_css_blurb_image=&#8221;margin-bottom: 0px;&#8221; custom_css_blurb_title=&#8221;padding-bottom: 0px;&#8221; border_radii=&#8221;on|5px|5px|5px|5px&#8221; border_color_all=&#8221;rgba(92,92,92,0.65)&#8221; border_color_all_image=&#8221;#FFFFFF&#8221; box_shadow_style=&#8221;preset4&#8243; box_shadow_horizontal=&#8221;0px&#8221; box_shadow_vertical=&#8221;0px&#8221; box_shadow_spread=&#8221;1px&#8221; box_shadow_color=&#8221;rgba(255,255,255,0.12)&#8221; icon_font_size=&#8221;24px&#8221; global_colors_info=&#8221;{}&#8221; icon_color__hover=&#8221;#F8A41B&#8221; icon_color__hover_enabled=&#8221;on|desktop&#8221; header_text_color__hover=&#8221;#F8A41B&#8221; header_text_color__hover_enabled=&#8221;on|desktop&#8221;][\/et_pb_blurb][\/et_pb_column][et_pb_column type=&#8221;1_4&#8243; _builder_version=&#8221;4.16&#8243; _module_preset=&#8221;default&#8221; global_colors_info=&#8221;{}&#8221;][et_pb_blurb title=&#8221;Aktivnosti&#8221; url=&#8221;https:\/\/www.scanguest.si\/aktivnosti\/&#8221; url_new_window=&#8221;on&#8221; use_icon=&#8221;on&#8221; font_icon=&#8221;&#xf6ec;||fa||900&#8243; icon_color=&#8221;#5C5C5C&#8221; image_icon_width=&#8221;24px&#8221; admin_label=&#8221;Aktivnosti&#8221; _builder_version=&#8221;4.27.5&#8243; _module_preset=&#8221;8e5de146-fea5-4f68-ad46-b3f7b824da6a&#8221; header_font=&#8221;&#8211;et_global_body_font|600||on|||||&#8221; header_text_align=&#8221;center&#8221; header_text_color=&#8221;#5C5C5C&#8221; header_font_size=&#8221;10px&#8221; body_text_color=&#8221;#000000&#8243; max_width=&#8221;60px&#8221; module_alignment=&#8221;center&#8221; overflow-x=&#8221;visible&#8221; overflow-y=&#8221;visible&#8221; custom_padding=&#8221;5px|5px|5px|5px|true|true&#8221; animation=&#8221;off&#8221; link_option_url=&#8221;https:\/\/www.scanguest.si\/aktivnosti\/&#8221; link_option_url_new_window=&#8221;on&#8221; custom_css_blurb_image=&#8221;margin-bottom: 0px;&#8221; custom_css_blurb_title=&#8221;padding-bottom: 0px;&#8221; border_radii=&#8221;on|5px|5px|5px|5px&#8221; border_color_all=&#8221;rgba(92,92,92,0.65)&#8221; border_color_all_image=&#8221;#FFFFFF&#8221; box_shadow_style=&#8221;preset4&#8243; box_shadow_horizontal=&#8221;0px&#8221; box_shadow_vertical=&#8221;0px&#8221; box_shadow_spread=&#8221;1px&#8221; box_shadow_color=&#8221;rgba(255,255,255,0.12)&#8221; icon_font_size=&#8221;24px&#8221; global_colors_info=&#8221;{}&#8221; icon_color__hover=&#8221;#F8A41B&#8221; icon_color__hover_enabled=&#8221;on|desktop&#8221; header_text_color__hover=&#8221;#F8A41B&#8221; header_text_color__hover_enabled=&#8221;on|desktop&#8221;][\/et_pb_blurb][\/et_pb_column][et_pb_column type=&#8221;1_4&#8243; _builder_version=&#8221;4.21.0&#8243; _module_preset=&#8221;default&#8221; global_colors_info=&#8221;{}&#8221;][et_pb_blurb title=&#8221;WWW&#8221; url=&#8221;https:\/\/vilatriglav.com\/&#8221; url_new_window=&#8221;on&#8221; use_icon=&#8221;on&#8221; font_icon=&#8221;&#xe02b;||divi||400&#8243; icon_color=&#8221;#5C5C5C&#8221; image_icon_width=&#8221;24px&#8221; admin_label=&#8221;www&#8221; _builder_version=&#8221;4.27.5&#8243; _module_preset=&#8221;8e5de146-fea5-4f68-ad46-b3f7b824da6a&#8221; header_font=&#8221;&#8211;et_global_body_font|600||on|||||&#8221; header_text_align=&#8221;center&#8221; header_text_color=&#8221;#5C5C5C&#8221; header_font_size=&#8221;10px&#8221; body_text_color=&#8221;#000000&#8243; max_width=&#8221;60px&#8221; module_alignment=&#8221;center&#8221; overflow-x=&#8221;visible&#8221; overflow-y=&#8221;visible&#8221; custom_padding=&#8221;5px|5px|5px|5px|true|true&#8221; animation=&#8221;off&#8221; link_option_url=&#8221;https:\/\/vilatriglav.com\/&#8221; link_option_url_new_window=&#8221;on&#8221; custom_css_blurb_image=&#8221;margin-bottom: 0px;&#8221; custom_css_blurb_title=&#8221;padding-bottom: 0px;&#8221; border_radii=&#8221;on|5px|5px|5px|5px&#8221; border_color_all=&#8221;rgba(92,92,92,0.65)&#8221; border_color_all_image=&#8221;#FFFFFF&#8221; box_shadow_style=&#8221;preset4&#8243; box_shadow_horizontal=&#8221;0px&#8221; box_shadow_vertical=&#8221;0px&#8221; box_shadow_spread=&#8221;1px&#8221; box_shadow_color=&#8221;rgba(255,255,255,0.12)&#8221; icon_font_size=&#8221;24px&#8221; global_colors_info=&#8221;{}&#8221; icon_color__hover=&#8221;#F8A41B&#8221; icon_color__hover_enabled=&#8221;on|desktop&#8221; header_text_color__hover=&#8221;#F8A41B&#8221; header_text_color__hover_enabled=&#8221;on|desktop&#8221;][\/et_pb_blurb][\/et_pb_column][\/et_pb_row][\/et_pb_section]<\/p>\n","protected":false},"excerpt":{"rendered":"<p>Vro\u010da kopel Vro\u010da kopel \u2013 letna terasa Letna terasa z vro\u010do kopeljo je namenjena sprostitvi v mirnem naravnem okolju Poklju\u0161ke planote in predstavlja poseben del do\u017eivetja bivanja v Vili Triglav. Uporaba vro\u010de kopeli je zasnovana kot umirjen, spo\u0161tljiv prostor za oddih, zato letna terasa z vro\u010do kopeljo ne obratuje v zimskem obdobju. Letna terasa z [&hellip;]<\/p>\n","protected":false},"author":1,"featured_media":196,"parent":0,"menu_order":5,"comment_status":"closed","ping_status":"closed","template":"page-template-blank.php","meta":{"_et_pb_use_builder":"on","_et_pb_old_content":"","_et_gb_content_width":"","footnotes":""},"difl_page_category":[],"class_list":["post-153","page","type-page","status-publish","has-post-thumbnail","hentry"],"_links":{"self":[{"href":"https:\/\/www.scanguest.app\/vila-triglav-pokljuka\/wp-json\/wp\/v2\/pages\/153","targetHints":{"allow":["GET"]}}],"collection":[{"href":"https:\/\/www.scanguest.app\/vila-triglav-pokljuka\/wp-json\/wp\/v2\/pages"}],"about":[{"href":"https:\/\/www.scanguest.app\/vila-triglav-pokljuka\/wp-json\/wp\/v2\/types\/page"}],"author":[{"embeddable":true,"href":"https:\/\/www.scanguest.app\/vila-triglav-pokljuka\/wp-json\/wp\/v2\/users\/1"}],"replies":[{"embeddable":true,"href":"https:\/\/www.scanguest.app\/vila-triglav-pokljuka\/wp-json\/wp\/v2\/comments?post=153"}],"version-history":[{"count":4,"href":"https:\/\/www.scanguest.app\/vila-triglav-pokljuka\/wp-json\/wp\/v2\/pages\/153\/revisions"}],"predecessor-version":[{"id":215,"href":"https:\/\/www.scanguest.app\/vila-triglav-pokljuka\/wp-json\/wp\/v2\/pages\/153\/revisions\/215"}],"wp:featuredmedia":[{"embeddable":true,"href":"https:\/\/www.scanguest.app\/vila-triglav-pokljuka\/wp-json\/wp\/v2\/media\/196"}],"wp:attachment":[{"href":"https:\/\/www.scanguest.app\/vila-triglav-pokljuka\/wp-json\/wp\/v2\/media?parent=153"}],"wp:term":[{"taxonomy":"difl_page_category","embeddable":true,"href":"https:\/\/www.scanguest.app\/vila-triglav-pokljuka\/wp-json\/wp\/v2\/difl_page_category?post=153"}],"curies":[{"name":"wp","href":"https:\/\/api.w.org\/{rel}","templated":true}]}}