{"id":180,"date":"2026-01-20T10:09:21","date_gmt":"2026-01-20T09:09:21","guid":{"rendered":"https:\/\/www.scanguest.app\/vila-triglav-pokljuka\/?page_id=180"},"modified":"2026-01-20T11:00:00","modified_gmt":"2026-01-20T10:00:00","slug":"ocenite-nas","status":"publish","type":"page","link":"https:\/\/www.scanguest.app\/vila-triglav-pokljuka\/ocenite-nas\/","title":{"rendered":"Ocenite nas"},"content":{"rendered":"<p>[et_pb_section fb_built=&#8221;1&#8243; _builder_version=&#8221;4.27.4&#8243; _module_preset=&#8221;default&#8221; global_colors_info=&#8221;{}&#8221;][et_pb_row admin_label=&#8221;Vila Triglav logo&#8221; _builder_version=&#8221;4.27.5&#8243; _module_preset=&#8221;default&#8221; global_module=&#8221;125&#8243; saved_tabs=&#8221;all&#8221; global_colors_info=&#8221;{}&#8221;][et_pb_column type=&#8221;4_4&#8243; _builder_version=&#8221;4.16&#8243; _module_preset=&#8221;default&#8221; global_colors_info=&#8221;{}&#8221;][et_pb_image src=&#8221;https:\/\/www.scanguest.app\/vila-triglav-pokljuka\/wp-content\/uploads\/2026\/01\/Logo-Vila-Triglav.png&#8221; title_text=&#8221;Logo-Vila-Triglav&#8221; url=&#8221;https:\/\/www.scanguest.app\/vila-triglav-pokljuka\/info\/&#8221; align=&#8221;center&#8221; admin_label=&#8221;Vila Triglav logo&#8221; _builder_version=&#8221;4.27.5&#8243; _module_preset=&#8221;default&#8221; global_colors_info=&#8221;{}&#8221;][\/et_pb_image][\/et_pb_column][\/et_pb_row][et_pb_row _builder_version=&#8221;4.27.5&#8243; _module_preset=&#8221;default&#8221; global_colors_info=&#8221;{}&#8221;][et_pb_column type=&#8221;4_4&#8243; _builder_version=&#8221;4.27.5&#8243; _module_preset=&#8221;default&#8221; global_colors_info=&#8221;{}&#8221;][et_pb_text _builder_version=&#8221;4.27.5&#8243; _module_preset=&#8221;default&#8221; link_font=&#8221;||||on||||&#8221; link_text_color=&#8221;#F8A41B&#8221; global_colors_info=&#8221;{}&#8221;]<\/p>\n<h3>Ocenite nas<\/h3>\n<p>\nKer nam va\u0161e mnenje veliko pomeni, vas vabimo, da svojo izku\u0161njo z bivanjem pri nas delite tudi z drugimi.<br \/>\nVa\u0161a ocena pomaga bodo\u010dim gostom pri odlo\u010ditvi in nam omogo\u010da, da svoje storitve \u0161e izbolj\u0161amo.\n<\/p>\n<p>\nVeseli bomo, \u010de nas priporo\u010dite prijateljem, nam sledite na dru\u017ebenih omre\u017ejih in napi\u0161ete kratek komentar.\n<\/p>\n<p><\/p>\n<p><strong>Napi\u0161ite mnenje v Google:<\/strong><br \/>\n<a href=\"https:\/\/www.google.com\/travel\/hotels\/entity\/ChcIyZ_Z7-iA2Oh_GgsvZy8xdGQzZHcyeBAB\/reviews?gsas=1&#038;rp=yAEB&#038;ts=CAEaBAoCGgAqBAoAGgA&#038;utm_campaign=sharing&#038;utm_medium=link&#038;utm_source=htls&#038;ved=0CAAQ5JsGahcKEwiA5N6g4ZmSAxUAAAAAHQAAAAAQBA\"\ntarget=\"_blank\" rel=\"noopener\"><br \/>\n\ud83d\udc49 Mnenje Google \u2013 Vila Triglav<br \/>\n<\/a><\/p>\n<hr>\n<p>\n<strong>Vila Triglav<\/strong><br \/>\nGoreljek 104<br \/>\n4247 Zgornje Gorje<br \/>\nSlovenija\n<\/p>\n<p>\n<strong>E:<\/strong> <a href=\"mailto:info@vilatriglav.com\">info@vilatriglav.com<\/a><br \/>\n<strong>T:<\/strong> <a href=\"tel:+38641386913\">041 386 913<\/a>\n<\/p>\n<hr>\n<p><strong>Pove\u017eite se z nami<\/strong><\/p>\n<p>\nNajdete nas na dru\u017ebenih omre\u017ejih:<br \/>\n<a href=\"https:\/\/www.instagram.com\/vilatriglavonpokljuka\/\" target=\"_blank\" rel=\"noopener\"><br \/>\n\ud83d\udc49 Instagram \u2013 @vilatriglavonpokljuka<br \/>\n<\/a>\n<\/p>\n<p><em>Hvala, ker ste bili na\u0161i gostje.<\/em><\/p>\n<p>[\/et_pb_text][\/et_pb_column][\/et_pb_row][\/et_pb_section][et_pb_section fb_built=&#8221;1&#8243; _builder_version=&#8221;4.27.5&#8243; _module_preset=&#8221;default&#8221; background_color=&#8221;#FFFFFF&#8221; custom_padding=&#8221;0px||0px||true|false&#8221; sticky_position=&#8221;bottom&#8221; border_width_top=&#8221;1px&#8221; border_color_top=&#8221;#ededed&#8221; border_color_bottom=&#8221;#ededed&#8221; global_module=&#8221;49&#8243; saved_tabs=&#8221;all&#8221; global_colors_info=&#8221;{}&#8221;][et_pb_row column_structure=&#8221;1_4,1_4,1_4,1_4&#8243; use_custom_gutter=&#8221;on&#8221; gutter_width=&#8221;1&#8243; _builder_version=&#8221;4.27.5&#8243; _module_preset=&#8221;default&#8221; width=&#8221;94%&#8221; custom_padding=&#8221;6px||6px||true|false&#8221; custom_css_main_element=&#8221;display:flex;||align-items:center;||justify-content:center;||flex-wrap:nowrap;&#8221; global_colors_info=&#8221;{}&#8221;][et_pb_column type=&#8221;1_4&#8243; _builder_version=&#8221;4.27.5&#8243; _module_preset=&#8221;default&#8221; global_colors_info=&#8221;{}&#8221;][et_pb_blurb title=&#8221;Domov&#8221; url=&#8221;@ET-DC@eyJkeW5hbWljIjp0cnVlLCJjb250ZW50IjoiaG9tZV91cmwiLCJzZXR0aW5ncyI6e319@&#8221; use_icon=&#8221;on&#8221; font_icon=&#8221;&#xe074;||divi||400&#8243; icon_color=&#8221;#5C5C5C&#8221; image_icon_width=&#8221;24px&#8221; admin_label=&#8221;Domov&#8221; _builder_version=&#8221;4.27.5&#8243; _dynamic_attributes=&#8221;url&#8221; _module_preset=&#8221;8e5de146-fea5-4f68-ad46-b3f7b824da6a&#8221; header_font=&#8221;&#8211;et_global_body_font|600||on|||||&#8221; header_text_align=&#8221;center&#8221; header_text_color=&#8221;#5C5C5C&#8221; header_font_size=&#8221;10px&#8221; body_text_color=&#8221;#000000&#8243; max_width=&#8221;60px&#8221; module_alignment=&#8221;center&#8221; overflow-x=&#8221;visible&#8221; overflow-y=&#8221;visible&#8221; custom_padding=&#8221;5px|5px|5px|5px|true|true&#8221; animation=&#8221;off&#8221; custom_css_blurb_image=&#8221;margin-bottom: 0px;&#8221; custom_css_blurb_title=&#8221;padding-bottom: 0px;&#8221; border_radii=&#8221;on|5px|5px|5px|5px&#8221; border_color_all=&#8221;rgba(92,92,92,0.65)&#8221; border_color_all_image=&#8221;#FFFFFF&#8221; box_shadow_style=&#8221;preset4&#8243; box_shadow_horizontal=&#8221;0px&#8221; box_shadow_vertical=&#8221;0px&#8221; box_shadow_spread=&#8221;1px&#8221; box_shadow_color=&#8221;rgba(255,255,255,0.12)&#8221; icon_font_size=&#8221;24px&#8221; global_colors_info=&#8221;{}&#8221; icon_color__hover_enabled=&#8221;on|desktop&#8221; icon_color__hover=&#8221;#F8A41B&#8221; header_text_color__hover_enabled=&#8221;on|desktop&#8221; header_text_color__hover=&#8221;#F8A41B&#8221;][\/et_pb_blurb][\/et_pb_column][et_pb_column type=&#8221;1_4&#8243; _builder_version=&#8221;4.21.0&#8243; _module_preset=&#8221;default&#8221; global_colors_info=&#8221;{}&#8221;][et_pb_blurb title=&#8221;Info&#8221; url=&#8221;https:\/\/www.scanguest.app\/vila-triglav-pokljuka\/info\/&#8221; use_icon=&#8221;on&#8221; font_icon=&#8221;&#xf05a;||fa||900&#8243; icon_color=&#8221;#5C5C5C&#8221; image_icon_width=&#8221;24px&#8221; admin_label=&#8221;Info&#8221; _builder_version=&#8221;4.27.5&#8243; _module_preset=&#8221;8e5de146-fea5-4f68-ad46-b3f7b824da6a&#8221; header_font=&#8221;&#8211;et_global_body_font|600||on|||||&#8221; header_text_align=&#8221;center&#8221; header_text_color=&#8221;#5C5C5C&#8221; header_font_size=&#8221;10px&#8221; body_text_color=&#8221;#000000&#8243; max_width=&#8221;60px&#8221; module_alignment=&#8221;center&#8221; overflow-x=&#8221;visible&#8221; overflow-y=&#8221;visible&#8221; custom_padding=&#8221;5px|5px|5px|5px|true|true&#8221; animation=&#8221;off&#8221; link_option_url=&#8221;https:\/\/www.scanguest.app\/vila-triglav-pokljuka\/info\/&#8221; custom_css_blurb_image=&#8221;margin-bottom: 0px;&#8221; custom_css_blurb_title=&#8221;padding-bottom: 0px;&#8221; border_radii=&#8221;on|5px|5px|5px|5px&#8221; border_color_all=&#8221;rgba(92,92,92,0.65)&#8221; border_color_all_image=&#8221;#FFFFFF&#8221; box_shadow_style=&#8221;preset4&#8243; box_shadow_horizontal=&#8221;0px&#8221; box_shadow_vertical=&#8221;0px&#8221; box_shadow_spread=&#8221;1px&#8221; box_shadow_color=&#8221;rgba(255,255,255,0.12)&#8221; icon_font_size=&#8221;24px&#8221; global_colors_info=&#8221;{}&#8221; icon_color__hover=&#8221;#F8A41B&#8221; icon_color__hover_enabled=&#8221;on|desktop&#8221; header_text_color__hover=&#8221;#F8A41B&#8221; header_text_color__hover_enabled=&#8221;on|desktop&#8221;][\/et_pb_blurb][\/et_pb_column][et_pb_column type=&#8221;1_4&#8243; _builder_version=&#8221;4.16&#8243; _module_preset=&#8221;default&#8221; global_colors_info=&#8221;{}&#8221;][et_pb_blurb title=&#8221;Aktivnosti&#8221; url=&#8221;https:\/\/www.scanguest.si\/aktivnosti\/&#8221; url_new_window=&#8221;on&#8221; use_icon=&#8221;on&#8221; font_icon=&#8221;&#xf6ec;||fa||900&#8243; icon_color=&#8221;#5C5C5C&#8221; image_icon_width=&#8221;24px&#8221; admin_label=&#8221;Aktivnosti&#8221; _builder_version=&#8221;4.27.5&#8243; _module_preset=&#8221;8e5de146-fea5-4f68-ad46-b3f7b824da6a&#8221; header_font=&#8221;&#8211;et_global_body_font|600||on|||||&#8221; header_text_align=&#8221;center&#8221; header_text_color=&#8221;#5C5C5C&#8221; header_font_size=&#8221;10px&#8221; body_text_color=&#8221;#000000&#8243; max_width=&#8221;60px&#8221; module_alignment=&#8221;center&#8221; overflow-x=&#8221;visible&#8221; overflow-y=&#8221;visible&#8221; custom_padding=&#8221;5px|5px|5px|5px|true|true&#8221; animation=&#8221;off&#8221; link_option_url=&#8221;https:\/\/www.scanguest.si\/aktivnosti\/&#8221; link_option_url_new_window=&#8221;on&#8221; custom_css_blurb_image=&#8221;margin-bottom: 0px;&#8221; custom_css_blurb_title=&#8221;padding-bottom: 0px;&#8221; border_radii=&#8221;on|5px|5px|5px|5px&#8221; border_color_all=&#8221;rgba(92,92,92,0.65)&#8221; border_color_all_image=&#8221;#FFFFFF&#8221; box_shadow_style=&#8221;preset4&#8243; box_shadow_horizontal=&#8221;0px&#8221; box_shadow_vertical=&#8221;0px&#8221; box_shadow_spread=&#8221;1px&#8221; box_shadow_color=&#8221;rgba(255,255,255,0.12)&#8221; icon_font_size=&#8221;24px&#8221; global_colors_info=&#8221;{}&#8221; icon_color__hover=&#8221;#F8A41B&#8221; icon_color__hover_enabled=&#8221;on|desktop&#8221; header_text_color__hover=&#8221;#F8A41B&#8221; header_text_color__hover_enabled=&#8221;on|desktop&#8221;][\/et_pb_blurb][\/et_pb_column][et_pb_column type=&#8221;1_4&#8243; _builder_version=&#8221;4.21.0&#8243; _module_preset=&#8221;default&#8221; global_colors_info=&#8221;{}&#8221;][et_pb_blurb title=&#8221;WWW&#8221; url=&#8221;https:\/\/vilatriglav.com\/&#8221; url_new_window=&#8221;on&#8221; use_icon=&#8221;on&#8221; font_icon=&#8221;&#xe02b;||divi||400&#8243; icon_color=&#8221;#5C5C5C&#8221; image_icon_width=&#8221;24px&#8221; admin_label=&#8221;www&#8221; _builder_version=&#8221;4.27.5&#8243; _module_preset=&#8221;8e5de146-fea5-4f68-ad46-b3f7b824da6a&#8221; header_font=&#8221;&#8211;et_global_body_font|600||on|||||&#8221; header_text_align=&#8221;center&#8221; header_text_color=&#8221;#5C5C5C&#8221; header_font_size=&#8221;10px&#8221; body_text_color=&#8221;#000000&#8243; max_width=&#8221;60px&#8221; module_alignment=&#8221;center&#8221; overflow-x=&#8221;visible&#8221; overflow-y=&#8221;visible&#8221; custom_padding=&#8221;5px|5px|5px|5px|true|true&#8221; animation=&#8221;off&#8221; link_option_url=&#8221;https:\/\/vilatriglav.com\/&#8221; link_option_url_new_window=&#8221;on&#8221; custom_css_blurb_image=&#8221;margin-bottom: 0px;&#8221; custom_css_blurb_title=&#8221;padding-bottom: 0px;&#8221; border_radii=&#8221;on|5px|5px|5px|5px&#8221; border_color_all=&#8221;rgba(92,92,92,0.65)&#8221; border_color_all_image=&#8221;#FFFFFF&#8221; box_shadow_style=&#8221;preset4&#8243; box_shadow_horizontal=&#8221;0px&#8221; box_shadow_vertical=&#8221;0px&#8221; box_shadow_spread=&#8221;1px&#8221; box_shadow_color=&#8221;rgba(255,255,255,0.12)&#8221; icon_font_size=&#8221;24px&#8221; global_colors_info=&#8221;{}&#8221; icon_color__hover=&#8221;#F8A41B&#8221; icon_color__hover_enabled=&#8221;on|desktop&#8221; header_text_color__hover=&#8221;#F8A41B&#8221; header_text_color__hover_enabled=&#8221;on|desktop&#8221;][\/et_pb_blurb][\/et_pb_column][\/et_pb_row][\/et_pb_section]<\/p>\n","protected":false},"excerpt":{"rendered":"<p>Ocenite nas Ker nam va\u0161e mnenje veliko pomeni, vas vabimo, da svojo izku\u0161njo z bivanjem pri nas delite tudi z drugimi. Va\u0161a ocena pomaga bodo\u010dim gostom pri odlo\u010ditvi in nam omogo\u010da, da svoje storitve \u0161e izbolj\u0161amo. Veseli bomo, \u010de nas priporo\u010dite prijateljem, nam sledite na dru\u017ebenih omre\u017ejih in napi\u0161ete kratek komentar. Napi\u0161ite mnenje v Google: [&hellip;]<\/p>\n","protected":false},"author":1,"featured_media":0,"parent":0,"menu_order":8,"comment_status":"closed","ping_status":"closed","template":"page-template-blank.php","meta":{"_et_pb_use_builder":"on","_et_pb_old_content":"","_et_gb_content_width":"","footnotes":""},"difl_page_category":[],"class_list":["post-180","page","type-page","status-publish","hentry"],"_links":{"self":[{"href":"https:\/\/www.scanguest.app\/vila-triglav-pokljuka\/wp-json\/wp\/v2\/pages\/180","targetHints":{"allow":["GET"]}}],"collection":[{"href":"https:\/\/www.scanguest.app\/vila-triglav-pokljuka\/wp-json\/wp\/v2\/pages"}],"about":[{"href":"https:\/\/www.scanguest.app\/vila-triglav-pokljuka\/wp-json\/wp\/v2\/types\/page"}],"author":[{"embeddable":true,"href":"https:\/\/www.scanguest.app\/vila-triglav-pokljuka\/wp-json\/wp\/v2\/users\/1"}],"replies":[{"embeddable":true,"href":"https:\/\/www.scanguest.app\/vila-triglav-pokljuka\/wp-json\/wp\/v2\/comments?post=180"}],"version-history":[{"count":4,"href":"https:\/\/www.scanguest.app\/vila-triglav-pokljuka\/wp-json\/wp\/v2\/pages\/180\/revisions"}],"predecessor-version":[{"id":238,"href":"https:\/\/www.scanguest.app\/vila-triglav-pokljuka\/wp-json\/wp\/v2\/pages\/180\/revisions\/238"}],"wp:attachment":[{"href":"https:\/\/www.scanguest.app\/vila-triglav-pokljuka\/wp-json\/wp\/v2\/media?parent=180"}],"wp:term":[{"taxonomy":"difl_page_category","embeddable":true,"href":"https:\/\/www.scanguest.app\/vila-triglav-pokljuka\/wp-json\/wp\/v2\/difl_page_category?post=180"}],"curies":[{"name":"wp","href":"https:\/\/api.w.org\/{rel}","templated":true}]}}